{"id":968,"date":"2021-04-06T10:38:16","date_gmt":"2021-04-06T10:38:16","guid":{"rendered":"http:\/\/jcw-services.fr\/contact\/"},"modified":"2025-01-22T16:10:58","modified_gmt":"2025-01-22T14:10:58","slug":"contact","status":"publish","type":"page","link":"https:\/\/jcw-services.fr\/fr\/contact\/","title":{"rendered":"Contact"},"content":{"rendered":"<div class=\"wp-block-cover alignfull\" style=\"min-height:450px;aspect-ratio:unset;\"><span aria-hidden=\"true\" class=\"wp-block-cover__background has-ast-global-color-2-background-color has-background-dim-100 has-background-dim\"><\/span><div class=\"wp-block-cover__inner-container is-layout-flow wp-block-cover-is-layout-flow\">\n<div class=\"wp-block-columns alignwide is-layout-flex wp-container-core-columns-is-layout-28f84493 wp-block-columns-is-layout-flex\">\n<div class=\"wp-block-column is-vertically-aligned-bottom is-layout-flow wp-block-column-is-layout-flow\">\n<h1 class=\"wp-block-heading has-white-color has-text-color\">Contact<\/h1>\n\n\n\n<h5 class=\"wp-block-heading has-text-color\" style=\"color:#80889e\">Bureau<\/h5>\n\n\n\n<h4 class=\"wp-block-heading has-white-color has-text-color\">Nous sommes situ\u00e9s \u00e0 Ornex, en France<\/h4>\n\n\n\n<hr class=\"wp-block-separator has-text-color has-css-opacity has-background is-style-wide\" style=\"background-color:#434856;color:#434856\"\/>\n\n\n\n<h5 class=\"wp-block-heading has-text-color\" style=\"color:#80889e\">Email<\/h5>\n\n\n\n<h4 class=\"wp-block-heading has-white-color has-text-color\">info@jcw-services.fr<\/h4>\n\n\n\n<hr class=\"wp-block-separator has-text-color has-css-opacity has-background is-style-wide\" style=\"background-color:#434856;color:#434856\"\/>\n<\/div>\n\n\n\n<div class=\"wp-block-column is-vertically-aligned-center is-layout-flow wp-block-column-is-layout-flow\"><\/div>\n<\/div>\n<\/div><\/div>\n\n\n\n<div class=\"inherit-container-width wp-block-group alignfull has-ast-global-color-5-background-color has-background is-layout-constrained wp-block-group-is-layout-constrained\">\n<div class=\"wp-block-columns is-layout-flex wp-container-core-columns-is-layout-28f84493 wp-block-columns-is-layout-flex\">\n<div class=\"wp-block-column is-layout-flow wp-block-column-is-layout-flow\">\n<h2 class=\"wp-block-heading\">Rejoignez-nous<\/h2>\n\n\n\n<p>Depuis nos bureaux en France, situ\u00e9s pr\u00e8s de la fronti\u00e8re suisse, nous travaillons en \u00e9troite collaboration avec des ONG en Suisse et dans toute l'Europe. Nous avons actuellement des clients en :<\/p>\n\n\n\n<ul class=\"wp-block-list\">\n<li>France<\/li>\n\n\n\n<li>Pays Bas<\/li>\n\n\n\n<li>Royaume Uni<\/li>\n\n\n\n<li>Suisse<\/li>\n<\/ul>\n<\/div>\n\n\n\n<div class=\"wp-block-column is-layout-flow wp-block-column-is-layout-flow\"><\/div>\n<\/div>\n\n\n\n<p>Envoyez-nous un message en remplissant le formulaire ci-dessous et dites-nous comment nous pouvons vous aider.<\/p>\n\n\n<div class=\"wpforms-container wpforms-container-full wpforms-block wpforms-block-545a9328-71aa-4716-b715-16719f4c4852 wpforms-render-modern\" id=\"wpforms-1309\"><form id=\"wpforms-form-1309\" class=\"wpforms-validate wpforms-form wpforms-ajax-form\" data-formid=\"1309\" method=\"post\" enctype=\"multipart\/form-data\" action=\"\/fr\/wp-json\/wp\/v2\/pages\/968\" data-token=\"2a30d35b8b1f693c8f0165b8de121f27\" data-token-time=\"1775450951\" data-trp-original-action=\"\/fr\/wp-json\/wp\/v2\/pages\/968\"><noscript class=\"wpforms-error-noscript\">Veuillez activer JavaScript dans votre navigateur pour remplir ce formulaire.<\/noscript><div class=\"wpforms-hidden\" id=\"wpforms-error-noscript\">Veuillez activer JavaScript dans votre navigateur pour remplir ce formulaire.<\/div><div class=\"wpforms-field-container\"><div id=\"wpforms-1309-field_0-container\" class=\"wpforms-field wpforms-field-name\" data-field-id=\"0\"><fieldset><legend class=\"wpforms-field-label\">Pr\u00e9nom et nom <span class=\"wpforms-required-label\" aria-hidden=\"true\">*<\/span><\/legend><div class=\"wpforms-field-row wpforms-field-medium\"><div class=\"wpforms-field-row-block wpforms-first wpforms-one-half\"><input type=\"text\" id=\"wpforms-1309-field_0\" class=\"wpforms-field-name-first wpforms-field-required\" name=\"wpforms[fields][0][first]\" aria-errormessage=\"wpforms-1309-field_0-error\" required><label for=\"wpforms-1309-field_0\" class=\"wpforms-field-sublabel after\">Pr\u00e9nom<\/label><\/div><div class=\"wpforms-field-row-block wpforms-one-half\"><input type=\"text\" id=\"wpforms-1309-field_0-last\" class=\"wpforms-field-name-last wpforms-field-required\" name=\"wpforms[fields][0][last]\" aria-errormessage=\"wpforms-1309-field_0-last-error\" required><label for=\"wpforms-1309-field_0-last\" class=\"wpforms-field-sublabel after\">Nom<\/label><\/div><\/div><\/fieldset><\/div><div id=\"wpforms-1309-field_1-container\" class=\"wpforms-field wpforms-field-email\" data-field-id=\"1\"><label class=\"wpforms-field-label\" for=\"wpforms-1309-field_1\">Email <span class=\"wpforms-required-label\" aria-hidden=\"true\">*<\/span><\/label><input type=\"email\" id=\"wpforms-1309-field_1\" class=\"wpforms-field-medium wpforms-field-required\" name=\"wpforms[fields][1]\" spellcheck=\"false\" aria-errormessage=\"wpforms-1309-field_1-error\" required><\/div><div id=\"wpforms-1309-field_2-container\" class=\"wpforms-field wpforms-field-textarea\" data-field-id=\"2\"><label class=\"wpforms-field-label\" for=\"wpforms-1309-field_2\">Votre message<\/label><textarea id=\"wpforms-1309-field_2\" class=\"wpforms-field-medium\" name=\"wpforms[fields][2]\" aria-errormessage=\"wpforms-1309-field_2-error\" ><\/textarea><\/div><\/div><!-- .wpforms-field-container --><div class=\"wpforms-recaptcha-container wpforms-is-turnstile\" ><div class=\"g-recaptcha\" data-sitekey=\"0x4AAAAAAAG8LJLoX7ZgAPfb\" data-action=\"FormID-1309\"><\/div><input type=\"text\" name=\"g-recaptcha-hidden\" class=\"wpforms-recaptcha-hidden\" style=\"position:absolute!important;clip:rect(0,0,0,0)!important;height:1px!important;width:1px!important;border:0!important;overflow:hidden!important;padding:0!important;margin:0!important;\" data-rule-turnstile=\"1\"><\/div><div class=\"wpforms-submit-container\" ><input type=\"hidden\" name=\"wpforms[id]\" value=\"1309\"><input type=\"hidden\" name=\"page_title\" value=\"\"><input type=\"hidden\" name=\"page_url\" value=\"https:\/\/jcw-services.fr\/fr\/wp-json\/wp\/v2\/pages\/968\"><input type=\"hidden\" name=\"url_referer\" value=\"\"><button type=\"submit\" name=\"wpforms[submit]\" id=\"wpforms-submit-1309\" class=\"wpforms-submit\" data-alt-text=\"Sending...\" data-submit-text=\"Submit\" aria-live=\"assertive\" value=\"wpforms-submit\">Envoyer<\/button><img decoding=\"async\" src=\"data:image\/gif;base64,R0lGODlhAQABAIAAAAAAAP\/\/\/yH5BAEAAAAALAAAAAABAAEAAAIBRAA7\" data-src=\"https:\/\/jcw-services.fr\/wp-content\/plugins\/wpforms-lite\/assets\/images\/submit-spin.svg\" class=\"wpforms-submit-spinner lazyload\" style=\"display: none;\" width=\"26\" height=\"26\" alt=\"Chargement en cours\"><noscript><img decoding=\"async\" src=\"https:\/\/jcw-services.fr\/wp-content\/plugins\/wpforms-lite\/assets\/images\/submit-spin.svg\" class=\"wpforms-submit-spinner lazyload\" style=\"display: none;\" width=\"26\" height=\"26\" alt=\"Chargement en cours\"><\/noscript><\/div><input type=\"hidden\" name=\"trp-form-language\" value=\"fr\"\/><\/form><\/div>  <!-- .wpforms-container -->\n\n\n<hr class=\"wp-block-separator alignfull has-alpha-channel-opacity\"\/>\n\n\n\n<h2 class=\"wp-block-heading\">Mentions legaux<\/h2>\n\n\n\n<p>Propri\u00e9taire de l'entreprise: Joannah Caborn Wengler<br>Nom de l'entreprise: JCW Services<br>SIRET: 95354199200012<br>APE: 8211Z<br>Adresse: 180 rue du Sal\u00e8ve, 01210 Ornex, France<br>Contact: info@jcw-services.fr<br>Responsable web: Joannah Caborn Wengler<\/p>\n\n\n\n<div class=\"wp-block-cover alignfull\" style=\"min-height:371px;aspect-ratio:unset;\"><span aria-hidden=\"true\" class=\"wp-block-cover__background has-ast-global-color-0-background-color has-background-dim-100 has-background-dim\"><\/span><div class=\"wp-block-cover__inner-container is-layout-flow wp-block-cover-is-layout-flow\">\n<div class=\"wp-block-buttons is-horizontal is-content-justification-center is-layout-flex wp-container-core-buttons-is-layout-337d9539 wp-block-buttons-is-layout-flex\">\n<div class=\"wp-block-button\"><a class=\"wp-block-button__link wp-element-button\" href=\"http:\/\/jcw-services.fr\/fr\/contact\/\">Prenez contact<\/a><\/div>\n<\/div>\n\n\n\n<figure class=\"wp-block-image aligncenter size-full\"><img decoding=\"async\" src=\"data:image\/gif;base64,R0lGODlhAQABAIAAAAAAAP\/\/\/yH5BAEAAAAALAAAAAABAAEAAAIBRAA7\" data-src=\"http:\/\/jcw-services.fr\/wp-content\/uploads\/2023\/07\/Logo-300x150-transparent-horizontal.png\" alt=\"\" class=\"wp-image-1303 lazyload\"\/><noscript><img decoding=\"async\" width=\"300\" height=\"151\" src=\"http:\/\/jcw-services.fr\/wp-content\/uploads\/2023\/07\/Logo-300x150-transparent-horizontal.png\" alt=\"\" class=\"wp-image-1303 lazyload\" srcset=\"https:\/\/jcw-services.fr\/wp-content\/uploads\/2023\/07\/Logo-300x150-transparent-horizontal.png 300w, https:\/\/jcw-services.fr\/wp-content\/uploads\/2023\/07\/Logo-300x150-transparent-horizontal-18x9.png 18w\" sizes=\"(max-width: 300px) 100vw, 300px\" \/><\/noscript><\/figure>\n\n\n\n<p class=\"has-text-align-center\"><em>SIRET: 95354199200012<\/em><\/p>\n<\/div><\/div>\n<\/div>","protected":false},"excerpt":{"rendered":"<p>Come join us From our offices in France located near the Swiss border, we work closely with NGOs in Switzerland and across Europe. We currently have clients in: Drop us a line in the form below and let us know how we can help. Legals Business owner: Joannah Caborn WenglerBusiness name: JCW ServicesSIRET: 95354199200012APE: 8211ZAddress: [&hellip;]<\/p>","protected":false},"author":0,"featured_media":0,"parent":0,"menu_order":0,"comment_status":"closed","ping_status":"closed","template":"","meta":{"_monsterinsights_skip_tracking":false,"_monsterinsights_sitenote_active":false,"_monsterinsights_sitenote_note":"","_monsterinsights_sitenote_category":0,"site-sidebar-layout":"no-sidebar","site-content-layout":"plain-container","ast-site-content-layout":"","site-content-style":"default","site-sidebar-style":"default","ast-global-header-display":"","ast-banner-title-visibility":"","ast-main-header-display":"","ast-hfb-above-header-display":"","ast-hfb-below-header-display":"","ast-hfb-mobile-header-display":"","site-post-title":"disabled","ast-breadcrumbs-content":"disabled","ast-featured-img":"disabled","footer-sml-layout":"","theme-transparent-header-meta":"disabled","adv-header-id-meta":"","stick-header-meta":"","header-above-stick-meta":"","header-main-stick-meta":"","header-below-stick-meta":"","astra-migrate-meta-layouts":"default","ast-page-background-enabled":"default","ast-page-background-meta":{"desktop":{"background-color":"var(--ast-global-color-4)","background-image":"","background-repeat":"repeat","background-position":"center center","background-size":"auto","background-attachment":"scroll","background-type":"","background-media":"","overlay-type":"","overlay-color":"","overlay-opacity":"","overlay-gradient":""},"tablet":{"background-color":"","background-image":"","background-repeat":"repeat","background-position":"center center","background-size":"auto","background-attachment":"scroll","background-type":"","background-media":"","overlay-type":"","overlay-color":"","overlay-opacity":"","overlay-gradient":""},"mobile":{"background-color":"","background-image":"","background-repeat":"repeat","background-position":"center center","background-size":"auto","background-attachment":"scroll","background-type":"","background-media":"","overlay-type":"","overlay-color":"","overlay-opacity":"","overlay-gradient":""}},"ast-content-background-meta":{"desktop":{"background-color":"var(--ast-global-color-5)","background-image":"","background-repeat":"repeat","background-position":"center center","background-size":"auto","background-attachment":"scroll","background-type":"","background-media":"","overlay-type":"","overlay-color":"","overlay-opacity":"","overlay-gradient":""},"tablet":{"background-color":"var(--ast-global-color-5)","background-image":"","background-repeat":"repeat","background-position":"center center","background-size":"auto","background-attachment":"scroll","background-type":"","background-media":"","overlay-type":"","overlay-color":"","overlay-opacity":"","overlay-gradient":""},"mobile":{"background-color":"var(--ast-global-color-5)","background-image":"","background-repeat":"repeat","background-position":"center center","background-size":"auto","background-attachment":"scroll","background-type":"","background-media":"","overlay-type":"","overlay-color":"","overlay-opacity":"","overlay-gradient":""}},"footnotes":""},"class_list":["post-968","page","type-page","status-publish","hentry"],"_links":{"self":[{"href":"https:\/\/jcw-services.fr\/fr\/wp-json\/wp\/v2\/pages\/968","targetHints":{"allow":["GET"]}}],"collection":[{"href":"https:\/\/jcw-services.fr\/fr\/wp-json\/wp\/v2\/pages"}],"about":[{"href":"https:\/\/jcw-services.fr\/fr\/wp-json\/wp\/v2\/types\/page"}],"replies":[{"embeddable":true,"href":"https:\/\/jcw-services.fr\/fr\/wp-json\/wp\/v2\/comments?post=968"}],"version-history":[{"count":25,"href":"https:\/\/jcw-services.fr\/fr\/wp-json\/wp\/v2\/pages\/968\/revisions"}],"predecessor-version":[{"id":1344,"href":"https:\/\/jcw-services.fr\/fr\/wp-json\/wp\/v2\/pages\/968\/revisions\/1344"}],"wp:attachment":[{"href":"https:\/\/jcw-services.fr\/fr\/wp-json\/wp\/v2\/media?parent=968"}],"curies":[{"name":"wp","href":"https:\/\/api.w.org\/{rel}","templated":true}]}}