{"id":966,"date":"2021-04-06T10:36:55","date_gmt":"2021-04-06T10:36:55","guid":{"rendered":"http:\/\/jcw-services.fr\/services\/"},"modified":"2023-07-05T12:35:35","modified_gmt":"2023-07-05T12:35:35","slug":"services","status":"publish","type":"page","link":"https:\/\/jcw-services.fr\/fr\/services\/","title":{"rendered":"Services"},"content":{"rendered":"<div class=\"wp-block-cover alignfull\" style=\"min-height:300px;aspect-ratio:unset;\"><span aria-hidden=\"true\" class=\"wp-block-cover__background has-ast-global-color-2-background-color has-background-dim-100 has-background-dim\"><\/span><div class=\"wp-block-cover__inner-container is-layout-flow wp-block-cover-is-layout-flow\">\n<h1 class=\"wp-block-heading has-white-color has-text-color\">Services<\/h1>\n<\/div><\/div>\n\n\n\n<div class=\"inherit-container-width wp-block-group alignfull has-ast-global-color-5-background-color has-background is-layout-constrained wp-block-group-is-layout-constrained\">\n<div class=\"wp-block-columns is-layout-flex wp-container-core-columns-is-layout-28f84493 wp-block-columns-is-layout-flex\">\n<div class=\"wp-block-column is-layout-flow wp-block-column-is-layout-flow\">\n<h2 class=\"wp-block-heading\">Faire passer votre message<\/h2>\n<\/div>\n\n\n\n<div class=\"wp-block-column is-layout-flow wp-block-column-is-layout-flow\">\n<p>JCW Services aide les ONG internationales de sant\u00e9 et de d\u00e9veloppement \u00e0 maximiser leurs messages et leur travail de plaidoyer tout en contribuant au bon fonctionnement quotidien de leurs bureaux.<\/p>\n<\/div>\n<\/div>\n<\/div>\n\n\n\n<div class=\"wp-block-cover alignfull\" style=\"min-height:630px;aspect-ratio:unset;\"><span aria-hidden=\"true\" class=\"wp-block-cover__background has-ast-global-color-2-background-color has-background-dim-80 has-background-dim\"><\/span><img decoding=\"async\" class=\"wp-block-cover__image-background wp-image-696 lazyload\" alt=\"\" src=\"data:image\/gif;base64,R0lGODlhAQABAIAAAAAAAP\/\/\/yH5BAEAAAAALAAAAAABAAEAAAIBRAA7\" data-src=\"http:\/\/jcw-services.fr\/wp-content\/uploads\/2021\/02\/business-consulting-main-services-img-bg.jpg\" data-object-fit=\"cover\"\/><noscript><img decoding=\"async\" width=\"1920\" height=\"800\" class=\"wp-block-cover__image-background wp-image-696 lazyload\" alt=\"\" src=\"http:\/\/jcw-services.fr\/wp-content\/uploads\/2021\/02\/business-consulting-main-services-img-bg.jpg\" data-object-fit=\"cover\" srcset=\"https:\/\/jcw-services.fr\/wp-content\/uploads\/2021\/02\/business-consulting-main-services-img-bg.jpg 1920w, https:\/\/jcw-services.fr\/wp-content\/uploads\/2021\/02\/business-consulting-main-services-img-bg-300x125.jpg 300w, https:\/\/jcw-services.fr\/wp-content\/uploads\/2021\/02\/business-consulting-main-services-img-bg-1024x427.jpg 1024w, https:\/\/jcw-services.fr\/wp-content\/uploads\/2021\/02\/business-consulting-main-services-img-bg-768x320.jpg 768w, https:\/\/jcw-services.fr\/wp-content\/uploads\/2021\/02\/business-consulting-main-services-img-bg-1536x640.jpg 1536w, https:\/\/jcw-services.fr\/wp-content\/uploads\/2021\/02\/business-consulting-main-services-img-bg-18x8.jpg 18w\" sizes=\"(max-width: 1920px) 100vw, 1920px\" \/><\/noscript><div class=\"wp-block-cover__inner-container is-layout-flow wp-block-cover-is-layout-flow\">\n<h2 class=\"wp-block-heading alignwide has-white-color has-text-color\">Services principaux<\/h2>\n\n\n\n<div class=\"wp-block-columns alignwide is-layout-flex wp-container-core-columns-is-layout-28f84493 wp-block-columns-is-layout-flex\">\n<div class=\"wp-block-column is-layout-flow wp-block-column-is-layout-flow\">\n<h6 class=\"wp-block-heading has-text-color\" style=\"color:#d9dee8\">01.<\/h6>\n\n\n\n<h3 class=\"wp-block-heading has-white-color has-text-color\">Plaidoyer<\/h3>\n\n\n\n<p class=\"has-text-color\" style=\"color:#d9dee8\">Il n'a jamais \u00e9t\u00e9 aussi important de se faire entendre et d'influencer les politiques internationales.<\/p>\n\n\n\n<p class=\"has-white-color has-text-color\"><a href=\"http:\/\/jcw-services.fr\/fr\/contact\/\">D\u00e9couvrez comment nous pouvons vous aider<\/a><\/p>\n<\/div>\n\n\n\n<div class=\"wp-block-column is-layout-flow wp-block-column-is-layout-flow\">\n<h6 class=\"wp-block-heading has-text-color\" style=\"color:#d9dee8\">02.<\/h6>\n\n\n\n<h3 class=\"wp-block-heading has-white-color has-text-color\">Communications<\/h3>\n\n\n\n<p class=\"has-text-color\" style=\"color:#d9dee8\">Diffusez votre message et valorisez votre marque, en vous assurant qu'elle se d\u00e9marque de la masse.<\/p>\n\n\n\n<p class=\"has-white-color has-text-color\"><a href=\"http:\/\/jcw-services.fr\/fr\/contact\/\">D\u00e9couvrez comment nous pouvons vous aider<\/a><\/p>\n<\/div>\n\n\n\n<div class=\"wp-block-column is-layout-flow wp-block-column-is-layout-flow\">\n<h6 class=\"wp-block-heading has-text-color\" style=\"color:#d9dee8\">03.<\/h6>\n\n\n\n<h3 class=\"wp-block-heading has-white-color has-text-color\">Services de secr\u00e9tariat<\/h3>\n\n\n\n<p class=\"has-text-color\" style=\"color:#d9dee8\">Parlons back-offices fluides et efficaces, le moteur de toute organisation.<\/p>\n\n\n\n<p class=\"has-white-color has-text-color\"><a href=\"http:\/\/jcw-services.fr\/fr\/contact\/\">D\u00e9couvrez comment nous pouvons vous aider<\/a><\/p>\n<\/div>\n\n\n\n<div class=\"wp-block-column is-layout-flow wp-block-column-is-layout-flow\">\n<h6 class=\"wp-block-heading has-text-color\" style=\"color:#d9dee8\">04.<\/h6>\n\n\n\n<h3 class=\"wp-block-heading has-white-color has-text-color\">Ateliers et s\u00e9minaires<\/h3>\n\n\n\n<p class=\"has-text-color\" style=\"color:#d9dee8\">Exp\u00e9rimenter la magie de la collaboration, en misant sur l'excellence organisationnelle.<\/p>\n\n\n\n<p class=\"has-white-color has-text-color\"><a href=\"http:\/\/jcw-services.fr\/fr\/contact\/\">D\u00e9couvrez comment nous pouvons vous aider<\/a><\/p>\n<\/div>\n<\/div>\n<\/div><\/div>\n\n\n\n<div class=\"wp-block-cover alignfull\" style=\"min-height:371px;aspect-ratio:unset;\"><span aria-hidden=\"true\" class=\"wp-block-cover__background has-ast-global-color-0-background-color has-background-dim-100 has-background-dim\"><\/span><div class=\"wp-block-cover__inner-container is-layout-flow wp-block-cover-is-layout-flow\">\n<div class=\"wp-block-buttons is-horizontal is-content-justification-center is-layout-flex wp-container-core-buttons-is-layout-337d9539 wp-block-buttons-is-layout-flex\">\n<div class=\"wp-block-button\"><a class=\"wp-block-button__link wp-element-button\" href=\"http:\/\/jcw-services.fr\/fr\/contact\/\">Prenez contact<\/a><\/div>\n<\/div>\n\n\n\n<figure class=\"wp-block-image aligncenter size-full\"><img decoding=\"async\" src=\"data:image\/gif;base64,R0lGODlhAQABAIAAAAAAAP\/\/\/yH5BAEAAAAALAAAAAABAAEAAAIBRAA7\" data-src=\"http:\/\/jcw-services.fr\/wp-content\/uploads\/2023\/07\/Logo-300x150-transparent-horizontal.png\" alt=\"\" class=\"wp-image-1303 lazyload\"\/><noscript><img decoding=\"async\" width=\"300\" height=\"151\" src=\"http:\/\/jcw-services.fr\/wp-content\/uploads\/2023\/07\/Logo-300x150-transparent-horizontal.png\" alt=\"\" class=\"wp-image-1303 lazyload\" srcset=\"https:\/\/jcw-services.fr\/wp-content\/uploads\/2023\/07\/Logo-300x150-transparent-horizontal.png 300w, https:\/\/jcw-services.fr\/wp-content\/uploads\/2023\/07\/Logo-300x150-transparent-horizontal-18x9.png 18w\" sizes=\"(max-width: 300px) 100vw, 300px\" \/><\/noscript><\/figure>\n\n\n\n<p class=\"has-text-align-center\"><em>SIRET: 95354199200012<\/em><\/p>\n<\/div><\/div>","protected":false},"excerpt":{"rendered":"<p>Getting your message across JCW Services can help international health and development NGOs maximise their messaging and advocacy work while contributing to the smooth day-to-day running of their offices.<\/p>","protected":false},"author":0,"featured_media":0,"parent":0,"menu_order":0,"comment_status":"closed","ping_status":"closed","template":"","meta":{"_monsterinsights_skip_tracking":false,"_monsterinsights_sitenote_active":false,"_monsterinsights_sitenote_note":"","_monsterinsights_sitenote_category":0,"site-sidebar-layout":"no-sidebar","site-content-layout":"plain-container","ast-site-content-layout":"","site-content-style":"default","site-sidebar-style":"default","ast-global-header-display":"","ast-banner-title-visibility":"","ast-main-header-display":"","ast-hfb-above-header-display":"","ast-hfb-below-header-display":"","ast-hfb-mobile-header-display":"","site-post-title":"disabled","ast-breadcrumbs-content":"disabled","ast-featured-img":"disabled","footer-sml-layout":"","theme-transparent-header-meta":"disabled","adv-header-id-meta":"","stick-header-meta":"","header-above-stick-meta":"","header-main-stick-meta":"","header-below-stick-meta":"","astra-migrate-meta-layouts":"default","ast-page-background-enabled":"default","ast-page-background-meta":{"desktop":{"background-color":"var(--ast-global-color-4)","background-image":"","background-repeat":"repeat","background-position":"center center","background-size":"auto","background-attachment":"scroll","background-type":"","background-media":"","overlay-type":"","overlay-color":"","overlay-opacity":"","overlay-gradient":""},"tablet":{"background-color":"","background-image":"","background-repeat":"repeat","background-position":"center center","background-size":"auto","background-attachment":"scroll","background-type":"","background-media":"","overlay-type":"","overlay-color":"","overlay-opacity":"","overlay-gradient":""},"mobile":{"background-color":"","background-image":"","background-repeat":"repeat","background-position":"center center","background-size":"auto","background-attachment":"scroll","background-type":"","background-media":"","overlay-type":"","overlay-color":"","overlay-opacity":"","overlay-gradient":""}},"ast-content-background-meta":{"desktop":{"background-color":"var(--ast-global-color-5)","background-image":"","background-repeat":"repeat","background-position":"center center","background-size":"auto","background-attachment":"scroll","background-type":"","background-media":"","overlay-type":"","overlay-color":"","overlay-opacity":"","overlay-gradient":""},"tablet":{"background-color":"var(--ast-global-color-5)","background-image":"","background-repeat":"repeat","background-position":"center center","background-size":"auto","background-attachment":"scroll","background-type":"","background-media":"","overlay-type":"","overlay-color":"","overlay-opacity":"","overlay-gradient":""},"mobile":{"background-color":"var(--ast-global-color-5)","background-image":"","background-repeat":"repeat","background-position":"center center","background-size":"auto","background-attachment":"scroll","background-type":"","background-media":"","overlay-type":"","overlay-color":"","overlay-opacity":"","overlay-gradient":""}},"footnotes":""},"class_list":["post-966","page","type-page","status-publish","hentry"],"_links":{"self":[{"href":"https:\/\/jcw-services.fr\/fr\/wp-json\/wp\/v2\/pages\/966","targetHints":{"allow":["GET"]}}],"collection":[{"href":"https:\/\/jcw-services.fr\/fr\/wp-json\/wp\/v2\/pages"}],"about":[{"href":"https:\/\/jcw-services.fr\/fr\/wp-json\/wp\/v2\/types\/page"}],"replies":[{"embeddable":true,"href":"https:\/\/jcw-services.fr\/fr\/wp-json\/wp\/v2\/comments?post=966"}],"version-history":[{"count":12,"href":"https:\/\/jcw-services.fr\/fr\/wp-json\/wp\/v2\/pages\/966\/revisions"}],"predecessor-version":[{"id":1307,"href":"https:\/\/jcw-services.fr\/fr\/wp-json\/wp\/v2\/pages\/966\/revisions\/1307"}],"wp:attachment":[{"href":"https:\/\/jcw-services.fr\/fr\/wp-json\/wp\/v2\/media?parent=966"}],"curies":[{"name":"wp","href":"https:\/\/api.w.org\/{rel}","templated":true}]}}