{"id":964,"date":"2021-04-06T10:36:38","date_gmt":"2021-04-06T10:36:38","guid":{"rendered":"http:\/\/jcw-services.fr\/about\/"},"modified":"2023-08-26T13:53:39","modified_gmt":"2023-08-26T11:53:39","slug":"about","status":"publish","type":"page","link":"https:\/\/jcw-services.fr\/fr\/about\/","title":{"rendered":"A propos"},"content":{"rendered":"<div class=\"wp-block-cover alignfull\" style=\"min-height:300px;aspect-ratio:unset;\"><span aria-hidden=\"true\" class=\"wp-block-cover__background has-ast-global-color-2-background-color has-background-dim-100 has-background-dim\"><\/span><div class=\"wp-block-cover__inner-container is-layout-flow wp-block-cover-is-layout-flow\">\n<h1 class=\"wp-block-heading has-white-color has-text-color\">A propos<\/h1>\n<\/div><\/div>\n\n\n\n<div class=\"inherit-container-width wp-block-group alignfull has-ast-global-color-5-background-color has-background is-layout-constrained wp-block-group-is-layout-constrained\">\n<div class=\"wp-block-columns is-layout-flex wp-container-core-columns-is-layout-28f84493 wp-block-columns-is-layout-flex\">\n<div class=\"wp-block-column is-vertically-aligned-center is-layout-flow wp-block-column-is-layout-flow\">\n<h2 class=\"wp-block-heading\">Bonjour, je suis Joannah C. Wengler, fondatrice et PDG de JCW Services.<\/h2>\n\n\n\n<h2 class=\"wp-block-heading\">Nous aidons les ONG \u00e0 faire passer leur message. <\/h2>\n<\/div>\n\n\n\n<div class=\"wp-block-column is-layout-flow wp-block-column-is-layout-flow\">\n<figure class=\"wp-block-image size-large\"><img decoding=\"async\" src=\"data:image\/gif;base64,R0lGODlhAQABAIAAAAAAAP\/\/\/yH5BAEAAAAALAAAAAABAAEAAAIBRAA7\" data-src=\"http:\/\/jcw-services.fr\/wp-content\/uploads\/2023\/06\/JCW-bio-photo-877x1024.jpg\" alt=\"\" class=\"wp-image-1230 lazyload\"\/><noscript><img decoding=\"async\" width=\"877\" height=\"1024\" src=\"http:\/\/jcw-services.fr\/wp-content\/uploads\/2023\/06\/JCW-bio-photo-877x1024.jpg\" alt=\"\" class=\"wp-image-1230 lazyload\" srcset=\"https:\/\/jcw-services.fr\/wp-content\/uploads\/2023\/06\/JCW-bio-photo-877x1024.jpg 877w, https:\/\/jcw-services.fr\/wp-content\/uploads\/2023\/06\/JCW-bio-photo-257x300.jpg 257w, https:\/\/jcw-services.fr\/wp-content\/uploads\/2023\/06\/JCW-bio-photo-768x897.jpg 768w, https:\/\/jcw-services.fr\/wp-content\/uploads\/2023\/06\/JCW-bio-photo-1315x1536.jpg 1315w, https:\/\/jcw-services.fr\/wp-content\/uploads\/2023\/06\/JCW-bio-photo-1753x2048.jpg 1753w, https:\/\/jcw-services.fr\/wp-content\/uploads\/2023\/06\/JCW-bio-photo-10x12.jpg 10w\" sizes=\"(max-width: 877px) 100vw, 877px\" \/><\/noscript><\/figure>\n<\/div>\n<\/div>\n\n\n\n<div class=\"wp-block-columns alignwide is-layout-flex wp-container-core-columns-is-layout-28f84493 wp-block-columns-is-layout-flex\">\n<div class=\"wp-block-column is-layout-flow wp-block-column-is-layout-flow\">\n<p>Professionnelle efficace et enthousiaste de la communication, de la gestion et du plaidoyer, je travaille dans la Gen\u00e8ve internationale depuis plus de 15 ans. Gr\u00e2ce \u00e0 mon exp\u00e9rience dans les domaines du d\u00e9veloppement social, de la sant\u00e9 et de la science, je peux aider votre organisation \u00e0 faire passer son message.<\/p>\n<\/div>\n\n\n\n<div class=\"wp-block-column is-layout-flow wp-block-column-is-layout-flow\">\n<p>J'ai fond\u00e9 JCW Services pour aider les ONG internationales de sant\u00e9 et de d\u00e9veloppement \u00e0 maximiser leurs messages et leur travail de plaidoyer tout en contribuant au bon fonctionnement quotidien de leurs bureaux.<\/p>\n<\/div>\n<\/div>\n\n\n\n<div class=\"wp-block-cover alignfull\" style=\"min-height:371px;aspect-ratio:unset;\"><span aria-hidden=\"true\" class=\"wp-block-cover__background has-ast-global-color-0-background-color has-background-dim-100 has-background-dim\"><\/span><div class=\"wp-block-cover__inner-container is-layout-flow wp-block-cover-is-layout-flow\">\n<div class=\"wp-block-buttons is-horizontal is-content-justification-center is-layout-flex wp-container-core-buttons-is-layout-337d9539 wp-block-buttons-is-layout-flex\">\n<div class=\"wp-block-button\"><a class=\"wp-block-button__link wp-element-button\" href=\"http:\/\/jcw-services.fr\/fr\/contact\/\">Prenez contact<\/a><\/div>\n<\/div>\n\n\n\n<figure class=\"wp-block-image aligncenter size-full\"><img decoding=\"async\" src=\"data:image\/gif;base64,R0lGODlhAQABAIAAAAAAAP\/\/\/yH5BAEAAAAALAAAAAABAAEAAAIBRAA7\" data-src=\"http:\/\/jcw-services.fr\/wp-content\/uploads\/2023\/07\/Logo-300x150-transparent-horizontal.png\" alt=\"\" class=\"wp-image-1303 lazyload\"\/><noscript><img decoding=\"async\" width=\"300\" height=\"151\" src=\"http:\/\/jcw-services.fr\/wp-content\/uploads\/2023\/07\/Logo-300x150-transparent-horizontal.png\" alt=\"\" class=\"wp-image-1303 lazyload\" srcset=\"https:\/\/jcw-services.fr\/wp-content\/uploads\/2023\/07\/Logo-300x150-transparent-horizontal.png 300w, https:\/\/jcw-services.fr\/wp-content\/uploads\/2023\/07\/Logo-300x150-transparent-horizontal-18x9.png 18w\" sizes=\"(max-width: 300px) 100vw, 300px\" \/><\/noscript><\/figure>\n\n\n\n<p class=\"has-text-align-center\"><em>SIRET: 95354199200012<\/em><\/p>\n<\/div><\/div>\n<\/div>","protected":false},"excerpt":{"rendered":"<p>Hi, I\u2019m Joannah C. Wengler, founder and CEO of JCW Services. We Help NGOs Get Their Message Through The Static. A highly effective and enthusiastic communications, management and advocacy professional, I have been working in international Geneva for over 15 years. With my experience in the fields of social development, health and science, I can [&hellip;]<\/p>","protected":false},"author":0,"featured_media":0,"parent":0,"menu_order":0,"comment_status":"closed","ping_status":"closed","template":"","meta":{"_monsterinsights_skip_tracking":false,"_monsterinsights_sitenote_active":false,"_monsterinsights_sitenote_note":"","_monsterinsights_sitenote_category":0,"site-sidebar-layout":"no-sidebar","site-content-layout":"plain-container","ast-site-content-layout":"","site-content-style":"default","site-sidebar-style":"default","ast-global-header-display":"","ast-banner-title-visibility":"","ast-main-header-display":"","ast-hfb-above-header-display":"","ast-hfb-below-header-display":"","ast-hfb-mobile-header-display":"","site-post-title":"disabled","ast-breadcrumbs-content":"disabled","ast-featured-img":"disabled","footer-sml-layout":"","theme-transparent-header-meta":"disabled","adv-header-id-meta":"","stick-header-meta":"","header-above-stick-meta":"","header-main-stick-meta":"","header-below-stick-meta":"","astra-migrate-meta-layouts":"default","ast-page-background-enabled":"default","ast-page-background-meta":{"desktop":{"background-color":"var(--ast-global-color-4)","background-image":"","background-repeat":"repeat","background-position":"center center","background-size":"auto","background-attachment":"scroll","background-type":"","background-media":"","overlay-type":"","overlay-color":"","overlay-opacity":"","overlay-gradient":""},"tablet":{"background-color":"","background-image":"","background-repeat":"repeat","background-position":"center center","background-size":"auto","background-attachment":"scroll","background-type":"","background-media":"","overlay-type":"","overlay-color":"","overlay-opacity":"","overlay-gradient":""},"mobile":{"background-color":"","background-image":"","background-repeat":"repeat","background-position":"center center","background-size":"auto","background-attachment":"scroll","background-type":"","background-media":"","overlay-type":"","overlay-color":"","overlay-opacity":"","overlay-gradient":""}},"ast-content-background-meta":{"desktop":{"background-color":"var(--ast-global-color-5)","background-image":"","background-repeat":"repeat","background-position":"center center","background-size":"auto","background-attachment":"scroll","background-type":"","background-media":"","overlay-type":"","overlay-color":"","overlay-opacity":"","overlay-gradient":""},"tablet":{"background-color":"var(--ast-global-color-5)","background-image":"","background-repeat":"repeat","background-position":"center center","background-size":"auto","background-attachment":"scroll","background-type":"","background-media":"","overlay-type":"","overlay-color":"","overlay-opacity":"","overlay-gradient":""},"mobile":{"background-color":"var(--ast-global-color-5)","background-image":"","background-repeat":"repeat","background-position":"center center","background-size":"auto","background-attachment":"scroll","background-type":"","background-media":"","overlay-type":"","overlay-color":"","overlay-opacity":"","overlay-gradient":""}},"footnotes":""},"class_list":["post-964","page","type-page","status-publish","hentry"],"_links":{"self":[{"href":"https:\/\/jcw-services.fr\/fr\/wp-json\/wp\/v2\/pages\/964","targetHints":{"allow":["GET"]}}],"collection":[{"href":"https:\/\/jcw-services.fr\/fr\/wp-json\/wp\/v2\/pages"}],"about":[{"href":"https:\/\/jcw-services.fr\/fr\/wp-json\/wp\/v2\/types\/page"}],"replies":[{"embeddable":true,"href":"https:\/\/jcw-services.fr\/fr\/wp-json\/wp\/v2\/comments?post=964"}],"version-history":[{"count":19,"href":"https:\/\/jcw-services.fr\/fr\/wp-json\/wp\/v2\/pages\/964\/revisions"}],"predecessor-version":[{"id":1340,"href":"https:\/\/jcw-services.fr\/fr\/wp-json\/wp\/v2\/pages\/964\/revisions\/1340"}],"wp:attachment":[{"href":"https:\/\/jcw-services.fr\/fr\/wp-json\/wp\/v2\/media?parent=964"}],"curies":[{"name":"wp","href":"https:\/\/api.w.org\/{rel}","templated":true}]}}